{"id":2005,"date":"2021-03-04T14:26:43","date_gmt":"2021-03-04T21:56:43","guid":{"rendered":"https:\/\/web.laotrafm.com\/?page_id=2005"},"modified":"2024-01-15T09:46:33","modified_gmt":"2024-01-15T17:16:33","slug":"programacion","status":"publish","type":"page","link":"https:\/\/web.laotrafm.com\/index.php\/programacion\/","title":{"rendered":"Programaci\u00f3n"},"content":{"rendered":"\n<p class=\"has-text-align-center\"><strong>RADIO LA OTRA PICHINCHA 91.3 FM<\/strong><\/p>\n\n\n\n<p class=\"has-text-align-center\"><strong>LUNES A VIERNES<\/strong><\/p>\n\n\n\n<figure class=\"wp-block-table is-style-stripes\"><table><tbody><tr><td>HORARIO<\/td><td><strong>PROGRAMA<\/strong><\/td><td><strong>LOCUTORES<\/strong><\/td><\/tr><tr><td>05H00 a 08H00<\/td><td>CON LAS COBIJAS<br>AL AIRE<\/td><td>Freddy Almeida <br>(El Fantasma), <br>Victor Santana, <br>Betylu, Humorista, <br>Paolo Ladino, <br>DJ Danilo Urbano.<\/td><\/tr><tr><td>08H00 a 10H00<\/td><td>O\u00cdDO FINO<\/td><td>DJ Edwin Ter\u00e1n.<\/td><\/tr><tr><td>10H00 a 12H00<\/td><td>QUE CHICHA QUIERES<\/td><td>Steffy Lemus DJ. Edwin Teran.<\/td><\/tr><tr><td>12H00 a 14H00<\/td><td>RA\u00cdCES DE <br>LA PATRIA GRANDE<\/td><td>Programador Juan <br>Carlos Ledesma.<\/td><\/tr><tr><td>14H00 a 15H00<\/td><td>SIN PELOS <br>EN LA RADIO<\/td><td>Conductora Dra Isabel Benitez<br>DJ Dar\u00edo P\u00e9rez.<\/td><\/tr><tr><td>15H00 a 18H00<\/td><td>LAS TRAVESURAS DEL DUENDE<\/td><td>Byron Faican <br>(El Duende), <br>Programador <br>DJ Dar\u00edo P\u00e9rez.<\/td><\/tr><tr><td>18H00 a 20H00<\/td><td>UN TEQUILA <br>CON LA OTRA<\/td><td>Gabriela Jaramillo<br>DJ Dario Perez<\/td><\/tr><tr><td>20H00 a 22H00<\/td><td>REQUINTEANDO<\/td><td>Normita Navarro, <br>Programador <br>Juan Carlos <br>Ledesma.<\/td><\/tr><tr><td>22H00 a 02H00<\/td><td>SERENOS A <br>LA OTRA<\/td><td>Armando Heredia <br>(Candela), <br>Programador <br>Cristian Morales.<\/td><\/tr><\/tbody><\/table><\/figure>\n\n\n\n<p class=\"has-text-align-center\"><strong>S\u00c1BADOS<\/strong><\/p>\n\n\n\n<figure class=\"wp-block-table is-style-stripes\"><table><tbody><tr><td>HORARIO<\/td><td>PROGRAMA<\/td><td><strong>LOCUTORES<\/strong><\/td><\/tr><tr><td>05H00 a <br>08H00<\/td><td>CHICHA <br>LIGHT<\/td><td>Locutor: Flavio Jimenez<br>Dj. Pablo Morales<\/td><\/tr><tr><td>08H00 a <br>18H00<\/td><td>FIESTA SABATINA<\/td><td>DJ Christian <br>Vinueza. \/ DJ Francisco Cevallos \/ DJ Cristian Morales<\/td><\/tr><tr><td>18H00 a <br>20H00<\/td><td>GUIRO <br>SENSACIONAL<\/td><td>Locutor: Flavio Jimenez<br>Dj. Pablo Morales<\/td><\/tr><tr><td>20H00 a <br>02H00<\/td><td>SERENOS A <br>LA OTRA<\/td><td>Armando Heredia <br>(Candela), <br>Programador <br>DJ Cristian Morales.<\/td><\/tr><tr><td><\/td><td><\/td><td><\/td><\/tr><\/tbody><\/table><\/figure>\n\n\n\n<p class=\"has-text-align-center\"><strong>DOMINGOS<\/strong><\/p>\n\n\n\n<figure class=\"wp-block-table is-style-stripes\"><table><tbody><tr><td><strong>HORARIO<\/strong><\/td><td>PROGRAMA<\/td><td><strong>LOCUTORES<\/strong><\/td><\/tr><tr><td>05H00 a <br>08H00<\/td><td>CHICHA <br>LIGHT<\/td><td>Locutor: Flavio Jimenez<br>Dj. Pablo Morales<\/td><\/tr><tr><td>08H00 a <br>18H00<\/td><td>FIESTA DOMINGUERA<\/td><td>DJ Christian Cabezas &#8211;  DJ Alex Marcillo<\/td><\/tr><tr><td>18H00 a <br>20H00<\/td><td>GUIRO <br>SENSACIONAL<\/td><td>Locutor: Flavio Jimenez<br>Dj. Pablo Morales<\/td><\/tr><\/tbody><\/table><\/figure>\n\n\n\n<hr class=\"wp-block-separator has-css-opacity\"\/>\n\n\n\n<p class=\"has-text-align-center\"><strong>RADIO LA OTRA GUAYAS 94.9 FM<\/strong><\/p>\n\n\n\n<p class=\"has-text-align-center\"><strong>LUNES A VIERNES<\/strong><\/p>\n\n\n\n<figure class=\"wp-block-table is-style-stripes\"><table><tbody><tr><td>HORARIO<\/td><td>PROGRAMA<\/td><td><strong>LOCUTORES<\/strong><\/td><\/tr><tr><td>04H00 a <br>06H00<\/td><td>CON EL GUIRO <br>MA\u00d1ANERO<\/td><td>Mejores DJs <br>de la Otra.<\/td><\/tr><tr><td>06H00 a <br>09H00<\/td><td>CON LAS <br>S\u00c1BANAS <br>AL AIRE<\/td><td>Flaco Mendoza, <br>El profesor, <br>Yuly Zambrano, <br>Sof\u00eda Caiche.<\/td><\/tr><tr><td>09H00 a <br>13H00<\/td><td>FULL MIX <br>TROPICAL<\/td><td>Mejores DJs <br>de la Otra.<\/td><\/tr><tr><td>13H00 a <br>15H00<\/td><td>DE GOTA <br>A GOTA<\/td><td>G\u00e9nesis <br>Bermeo.<\/td><\/tr><tr><td>15H00 a <br>17H00<\/td><td>FULL MIX <br>TROPICAL<\/td><td>Mejores DJs <br>de la Otra.<\/td><\/tr><tr><td>17H00 a <br>18H00<\/td><td>FULL MIX <br>TROPICAL<\/td><td>Mejores DJs <br>de la Otra.<\/td><\/tr><tr><td>18H00 a <br>20H00<\/td><td>CUANDO <br>LOS ACORDEONES <br>LLORAN<\/td><td>Bryan <br>Acevedo.<\/td><\/tr><tr><td>20H00 a <br>21H00<\/td><td>LA OTRA <br>CUMBIAMBERA<\/td><td>DJ <br>La Otra<\/td><\/tr><tr><td>21H00 a <br>22H00<\/td><td>LA OTRA <br>ROM\u00c1NTICA<\/td><td>DJ <br>La Otra<\/td><\/tr><tr><td>21H00 a <br>01H00 <br>Martes <br>a S\u00e1bado<\/td><td>REQUINTEANDO <br>CON LA OTRA<\/td><td>Limbert <br>Chal\u00e1n<\/td><\/tr><\/tbody><\/table><\/figure>\n\n\n\n<p class=\"has-text-align-center\"><strong>S\u00c1BADOS Y DOMINGOS<\/strong><\/p>\n\n\n\n<figure class=\"wp-block-table is-style-stripes\"><table><tbody><tr><td>HORARIO<\/td><td>PROGRAMA<\/td><td><strong>LOCUTORES<\/strong><\/td><\/tr><tr><td>19H00 a <br>21H00 <br>S\u00c1BADOS<\/td><td>BAILANDO CON <br>LA OTRA<\/td><td>Yuly <br>Zambrano.<\/td><\/tr><\/tbody><\/table><\/figure>\n\n\n\n<p><strong>EL FIN DE SEMANA LA OTRA TE DELEITA CON LA MEJOR M\u00daSICA EN TODOS LOS G\u00c9NEROS LAS 24 HORAS DEL D\u00cdA<\/strong><\/p>\n","protected":false},"excerpt":{"rendered":"<p>RADIO LA OTRA PICHINCHA 91.3 FM LUNES A VIERNES HORARIO PROGRAMA LOCUTORES 05H00 a 08H00 CON LAS COBIJASAL AIRE Freddy Almeida (El Fantasma), Victor Santana, Betylu, Humorista, Paolo Ladino, DJ Danilo Urbano. 08H00 a 10H00 O\u00cdDO FINO DJ Edwin Ter\u00e1n. 10H00 a 12H00 QUE CHICHA QUIERES Steffy Lemus DJ. Edwin Teran. 12H00 a 14H00 RA\u00cdCES [&hellip;]<\/p>\n","protected":false},"author":1,"featured_media":0,"parent":0,"menu_order":0,"comment_status":"closed","ping_status":"closed","template":"","meta":{"footnotes":""},"class_list":["post-2005","page","type-page","status-publish","hentry"],"_links":{"self":[{"href":"https:\/\/web.laotrafm.com\/index.php\/wp-json\/wp\/v2\/pages\/2005","targetHints":{"allow":["GET"]}}],"collection":[{"href":"https:\/\/web.laotrafm.com\/index.php\/wp-json\/wp\/v2\/pages"}],"about":[{"href":"https:\/\/web.laotrafm.com\/index.php\/wp-json\/wp\/v2\/types\/page"}],"author":[{"embeddable":true,"href":"https:\/\/web.laotrafm.com\/index.php\/wp-json\/wp\/v2\/users\/1"}],"replies":[{"embeddable":true,"href":"https:\/\/web.laotrafm.com\/index.php\/wp-json\/wp\/v2\/comments?post=2005"}],"version-history":[{"count":1,"href":"https:\/\/web.laotrafm.com\/index.php\/wp-json\/wp\/v2\/pages\/2005\/revisions"}],"predecessor-version":[{"id":6331,"href":"https:\/\/web.laotrafm.com\/index.php\/wp-json\/wp\/v2\/pages\/2005\/revisions\/6331"}],"wp:attachment":[{"href":"https:\/\/web.laotrafm.com\/index.php\/wp-json\/wp\/v2\/media?parent=2005"}],"curies":[{"name":"wp","href":"https:\/\/api.w.org\/{rel}","templated":true}]}}